{"id":2892,"date":"2020-03-10T18:47:15","date_gmt":"2020-03-10T17:47:15","guid":{"rendered":"https:\/\/www.serradetramuntana.eu\/?page_id=2892"},"modified":"2021-05-23T10:29:22","modified_gmt":"2021-05-23T09:29:22","slug":"quien-es-pep-torrens","status":"publish","type":"page","link":"https:\/\/serradetramuntana.eu\/?page_id=2892","title":{"rendered":"Qui\u00e9n es Pep Torrens, autobiograf\u00eda (1945-2021)"},"content":{"rendered":"<a href=\"https:\/\/www.serradetramuntana.eu\/?attachment_id=2895\" rel=\"attachment wp-att-2895\"><img class=\"alignleft size-full wp-image-2895\" src=\"https:\/\/www.serradetramuntana.eu\/wp-content\/uploads\/2020\/03\/dibujo_pep.jpg\" alt=\"\" width=\"242\" height=\"425\" \/><\/a>Nac\u00ed en Palma de Mallorca, un tres de junio de 1945. Soy un llonguet aut\u00e9ntico.<br\/>\r\nDesde peque\u00f1o, con mi hermana, mis padres, una vespa y un sidecar, recorrimos la isla, en verano de playas y en invierno de monta\u00f1as. De joven, con amigos, hac\u00edamos algunas excursiones, incluso vivacs, con tiendas de campa\u00f1a.<br\/>\r\nYa adulto, con novia y parejas amigas, seguimos caminando, con un buen gu\u00eda como Pedro Cifre, y la ayuda de las Rutas Amagades de Mallorca.<br\/>\r\nLlegaron los hijos, y se acab\u00f3 el caminar por estos senderos, que retomamos con los ni\u00f1os ya mayorcitos. Con compa\u00f1eros de trabajo, creamos un grupo de fotograf\u00eda, y sal\u00edamos los domingos, con las familias, para hacer pr\u00e1cticas fotogr\u00e1ficas. Como an\u00e9cdota, tuvimos la gran oportunidad, en una salida, de ver como afloraban las Fonts Ufanes en Campanet.<br\/>\r\nEn 1984 nos mudamos a Calvi\u00e1, y a\u00f1os m\u00e1s tarde, se mont\u00f3 un grupo de senderismo con vecinos de Costa d'en Blanes, con Fernando Guzm\u00e1n de gu\u00eda, y salidas en domingo.<br\/>\r\nEra el a\u00f1o 2000 cuando me prejubil\u00e9, coincidiendo con el abandono de Fernando como gu\u00eda. Entonces decidimos que comprar\u00eda unos libros de Lluis Vallcaneras y Benigno Palos, y har\u00edamos las salidas publicadas en los libros.<br\/>\r\nEn este mismo tiempo, los mi\u00e9rcoles, sal\u00eda con dos entra\u00f1ables y ya mayores amigos, Javier Blanes y Pedro Ferrer. Ellos sab\u00edan 10 excursiones, y al finalizarlas, volv\u00edamos a la primera, para empezar de nuevo. Eran matinales, que siempre terminaban comiendo de men\u00fa en Son Caliu. Tuve que enchufar savia nueva, para romper con la monoton\u00eda. Igualmente, con un grupo de compa\u00f1eros de trabajo jubilados, sal\u00edamos los jueves, con Miguel Cirer como gu\u00eda experto.<br\/>\r\nEn esta \u00e9poca, empec\u00e9 a tomar apuntes y escribir itinerarios, queriendo conocer lo que pis\u00e1bamos, que hasta la fecha no hab\u00eda tenido ning\u00fan inter\u00e9s para m\u00ed, que me dejaba llevar.<br\/>\r\nAs\u00ed empez\u00f3 mi \u201ccurolla\u201d por los pasos. En una salida, con un grupo de gente, conoc\u00ed a Mateo Pascual, gran conocedor de la Serra, que deb\u00eda ense\u00f1arme los lugares m\u00e1s rec\u00f3nditos, pero que un fatal accidente, trunc\u00f3 su buen andar, al cabo de pocos a\u00f1os.<br\/>\r\nHe tenido la suerte de salir con grandes gur\u00fas del senderismo mallorqu\u00edn: Gaspar Valero, Tom\u00e1s Vibot, Juan Garau, Juan Ense\u00f1at, y otros, de los cuales saqu\u00e9 grandes conocimientos. Fue especialmente grato, colaborar con Emilio Alonso en sus rutas de la Ultima Hora, y con Jaume Tort en los mapas de Alpina.<br\/>\r\nSal\u00ed en la tele!. Sal\u00ed en la Tele, en un programa del Tira a Tira de IB3, con Rafel Renou y Fernando Angulo. Yo no hab\u00eda visto ninguna de los programas emitidos, pero s\u00ed vi el mio. Cre\u00eda, equivocadamente, que era un programa de minor\u00edas, y cual no ser\u00eda mi sorpresa, cuando una ma\u00f1ana, esperando delante del cine R\u00edvoli, para que me entregaran un video del programa, se par\u00f3 un hombre, me mir\u00f3 y dijo: T\u00fa has salido en el Tira a Tira. Muy bueno el chiste. Porque en el programa, cont\u00e9 unos cuantos chistes, cosa muy habitual en m\u00ed, pero s\u00f3lo emitieron el primero, porque consideraron que los dem\u00e1s eran demasiado verdes para la TV. No sab\u00eda que los chistes ten\u00edan colores.<br\/>\r\nSe me etiquet\u00f3 como buscador de pasos, que reconozco, ha sido una de mis fobias senderistas. Pero de pasos con historia, antiguos, no \u00e9stos que ahora etiquetan con cualquier excusa. No se habilitaban estos pasos para hacer senderismo. Todos ten\u00edan alguna finalidad: contrabando, atajos, pasos entre fincas, pasos de caza, etc.<br\/>\r\nMe apasiona la toponimia, saber por donde piso y qu\u00e9 ha sucedido en estos lugares, en \u00e9pocas anteriores. Empec\u00e9 con los mapas de Mascar\u00f3 Pasarius, riqu\u00edsimos en toponimia.<br\/>\r\nHay an\u00e9cdotas curiosas. Me enter\u00e9 del nombre de un paso de Esporles, en un hotel de Salamanca. Cenando cuatro parejas en el hotel, tres de las cuales \u00e9ramos amigas, se sent\u00f3 un matrimonio de Esporles con nosotros. No recuerdo c\u00f3mo, sali\u00f3 que hacia unos d\u00edas hab\u00eda estado en Esporles buscando un paso cerca de<br\/>\r\nSa Casa Nova, y del cual no sab\u00eda el nombre. El hombre dijo: Es el Pas d'en Terreta. Y t\u00fa como lo sabes? Fue mi pregunta. Yo soy Terreta. Mi abuelo era el propietario de la Casa Nova, y habilit\u00f3 este paso para subir a cazar a la Fita del Ram. Paradojas de la vida. Me entero del nombre en Salamanca.<br\/>\r\nPodr\u00eda contar otra, igual de curiosa. Caminando por la cima del Puig de Garrafa, en Andratx, llegamos a un lugar sin aparente salida. Hay que retroceder. Pero, mirando con ojos monta\u00f1eros, vemos unas piedras colocadas a modo de escal\u00f3n. Aqu\u00ed hay un paso, bajamos por \u00e9l, por la ladera, llega a un camino y sale a la carretera de Capdell\u00e1 a Andratx. No tenemos nombre del paso. Estamos en la finca de Son Monjo. Ya tenemos nombre provisional. Al cabo de un tiempo, decidimos ir de nuevo, pero esta vez subiendo desde la carretera. Por el camino nos cruzamos con un pay\u00e9s mayor, con un antiguo coche 4L. Lo saludamos, se para, baja el cristal y pregunta donde vamos. Al Pas de Son Monjo. No, dice \u00e9l, aqu\u00ed no hay ning\u00fan Pas con este nombre. Digo s\u00ed, est\u00e1 aqu\u00ed arriba. Pero no es este nombre. Al final nos dice que se llama Pas d'en Viguet. Que un Viguet lo mont\u00f3 para subir de su finca donde ahora estamos, para ir a cazar. Te enteras de la toponimia de la manera m\u00e1s casual. Ahora hay un \u201cdesgarvell\u201d (descontrol) con los nombres.<br\/>\r\nEn Vilafranca, hay un grupo de senderismo, liderado por Juan Jaume, que es especial y entra\u00f1able, como lo fue para m\u00ed, la fiesta de San Bernat de Menthon del a\u00f1o 2017 celebrada all\u00ed, donde se me hizo entrega de una placa. No pude articular palabra, mi mujer se hab\u00eda muerto 12 d\u00edas antes.<br\/>\r\nY estas son las cosas que dan sentido a mi manera de entender el senderismo. No s\u00f3lo andar, sino saber que historias o personas han dominado la abrupta monta\u00f1a mallorquina, no como disfrute, como hacemos nosotros ahora, sino en la mayor\u00eda de los casos, para subsistir, atajar, o ganar un dinero extra, transportando fardos.<br\/>\r\nEs una l\u00e1stima, que el rico patrimonio etnol\u00f3gico que nos han dejado nuestros antepasados, y del que disfrutamos nosotros, se est\u00e9 destruyendo, por la desidia de propietarios, hoteleros, pol\u00edticos, y hasta a\u00f1adir\u00eda de la propia federaci\u00f3n, que se llenan la boca de palabras grandilocuentes para cambiar el turismo de sol y playa, y no son capaces de crear rutas de senderismo, como hemos podido comprobar con la ingente cantidad de cambios que han debido hacer con el GR-221.<br\/>\r\nCu\u00e1ntos hornos de cal, ranchos de carboneros, hitos de t\u00e9rmino, pozos de nieve, caminos empedrados, torres de vigilancia, talayots, y un largo etc\u00e9tera, se podr\u00edan conservar, con poco presupuesto, para generaciones futuras.<br\/>\r\nAcabar\u00eda dando una recomendaci\u00f3n a toda la gente que desea disfrutar de la monta\u00f1a o del llano, que tambi\u00e9n en precioso, pese al asfalto. No debe notarse nuestro paso, no dejar residuos, que si los hemos tra\u00eddo llenos, nos los podemos volver a llevar vac\u00edos. No seamos como estos grandes ecologistas, que dejan cartuchos de caza por donde pasan, pero como \u00e9stos pagan, est\u00e1n bien considerados. \u00danicamente los senderistas, con nuestros pasos, molestamos a los voltors (buitres negros).<br\/>\r\nMe gustar\u00eda acabar diciendo que siempre me he considerado senderista, aunque con intervalos m\u00e1s o menos largos de inactividad, y ahora, debido a mi precario estado de salud, he debido moderar mis salidas semanales, aunque sigo disfrutando de la compa\u00f1\u00eda de mis amigos durante la semana, y de la salida dominical con el grupo de 40Y<br\/>\r\nSalud y monta\u00f1a.","protected":false},"excerpt":{"rendered":null,"protected":false},"author":3,"featured_media":0,"parent":0,"menu_order":0,"comment_status":"closed","ping_status":"closed","template":"","meta":[],"_links":{"self":[{"href":"https:\/\/serradetramuntana.eu\/index.php?rest_route=\/wp\/v2\/pages\/2892"}],"collection":[{"href":"https:\/\/serradetramuntana.eu\/index.php?rest_route=\/wp\/v2\/pages"}],"about":[{"href":"https:\/\/serradetramuntana.eu\/index.php?rest_route=\/wp\/v2\/types\/page"}],"author":[{"embeddable":true,"href":"https:\/\/serradetramuntana.eu\/index.php?rest_route=\/wp\/v2\/users\/3"}],"replies":[{"embeddable":true,"href":"https:\/\/serradetramuntana.eu\/index.php?rest_route=%2Fwp%2Fv2%2Fcomments&post=2892"}],"version-history":[{"count":0,"href":"https:\/\/serradetramuntana.eu\/index.php?rest_route=\/wp\/v2\/pages\/2892\/revisions"}],"wp:attachment":[{"href":"https:\/\/serradetramuntana.eu\/index.php?rest_route=%2Fwp%2Fv2%2Fmedia&parent=2892"}],"curies":[{"name":"wp","href":"https:\/\/api.w.org\/{rel}","templated":true}]}}