{"id":303,"date":"2012-04-25T22:12:36","date_gmt":"2012-04-25T21:12:36","guid":{"rendered":"http:\/\/serradetramuntana.eu\/\/?page_id=303"},"modified":"2012-04-25T22:15:20","modified_gmt":"2012-04-25T21:15:20","slug":"objetivos","status":"publish","type":"page","link":"https:\/\/serradetramuntana.eu\/?page_id=303","title":{"rendered":"Objetivos"},"content":{"rendered":"La principal intenci\u00f3n al crear esta web, es ense\u00f1ar los magn\u00edficos paisajes que voy encontrando en la Serra de Tramuntana de Mallorca, para que los puedan disfrutar tanto mis amigos como cualquier amante de la naturaleza, de cualquier lugar del mundo y as\u00ed poder transmitir parte de la pasi\u00f3n que siento por esta Serra. Tambi\u00e9n intentar\u00e9 que sea un lugar de intercambio de informaci\u00f3n de los amantes del senderismo en Mallorca.<br\/>\r\n\r\nSi alguien quiere iniciarse en el senderismo, con mucho gusto le ayudar\u00e9, con toda la informaci\u00f3n que tenga a mi alcance. Para ello pod\u00e9is emplear el bot\u00f3n de contacto de la barra del navegador.<br\/>\r\n\r\nAl que se decida a disfrutar \"in situ\" de la Serra de Tramuntana, le recomiendo much\u00edsima precauci\u00f3n. No por peque\u00f1a y modesta, deja de albergar los peligros que cualquier otra sierra mayor.<br\/>\r\n\r\nRecomiendo empezar por rutas sencillas, que las hay magn\u00edficas para iniciarse, y as\u00ed y todo, ir siempre bien equipado para la \u00e9poca, llevar siempre agua suficiente para el recorrido, comprobar la previsi\u00f3n meteorol\u00f3gica y no ir solo, si es posible. En el caso de salir solo, es fundamental avisar del recorrido que se va a efectuar y de la hora aproximada de regreso.<br\/>\r\n\r\nAlgo que tambi\u00e9n debe ser primordial en nuestras salidas, es el respeto al entorno y especialmente a la Naturaleza. No debemos dejar ning\u00fan rastro de nuestro paso por la monta\u00f1a.<br\/>\r\n\r\nEsta web no pretende ser una gu\u00eda de monta\u00f1a que deba seguirse al pie de la letra, por lo que su autor no se hace responsable de los posibles percances que pudieran ocurrir siguiendo cualquiera de los itinerarios aqu\u00ed descritos.<br\/>\r\nEs lo m\u00e1s recomendable que los que quieran iniciarse en el senderismo, lo hagan a trav\u00e9s de los clubs al efecto, adem\u00e1s de federarse y contar con el preceptivo seguro de accidentes.","protected":false},"excerpt":{"rendered":null,"protected":false},"author":1,"featured_media":0,"parent":0,"menu_order":0,"comment_status":"closed","ping_status":"open","template":"","meta":[],"_links":{"self":[{"href":"https:\/\/serradetramuntana.eu\/index.php?rest_route=\/wp\/v2\/pages\/303"}],"collection":[{"href":"https:\/\/serradetramuntana.eu\/index.php?rest_route=\/wp\/v2\/pages"}],"about":[{"href":"https:\/\/serradetramuntana.eu\/index.php?rest_route=\/wp\/v2\/types\/page"}],"author":[{"embeddable":true,"href":"https:\/\/serradetramuntana.eu\/index.php?rest_route=\/wp\/v2\/users\/1"}],"replies":[{"embeddable":true,"href":"https:\/\/serradetramuntana.eu\/index.php?rest_route=%2Fwp%2Fv2%2Fcomments&post=303"}],"version-history":[{"count":0,"href":"https:\/\/serradetramuntana.eu\/index.php?rest_route=\/wp\/v2\/pages\/303\/revisions"}],"wp:attachment":[{"href":"https:\/\/serradetramuntana.eu\/index.php?rest_route=%2Fwp%2Fv2%2Fmedia&parent=303"}],"curies":[{"name":"wp","href":"https:\/\/api.w.org\/{rel}","templated":true}]}}